{"id":1926,"date":"2024-06-02T14:28:24","date_gmt":"2024-06-02T12:28:24","guid":{"rendered":"https:\/\/tanjas-hundeleinen.ch\/cms\/?page_id=1926"},"modified":"2025-01-09T13:01:58","modified_gmt":"2025-01-09T12:01:58","slug":"verschiedenes","status":"publish","type":"page","link":"https:\/\/tanjas-hundeleinen.ch\/cms\/verschiedenes\/","title":{"rendered":"Verschiedenes"},"content":{"rendered":"\t\t<div data-elementor-type=\"wp-page\" data-elementor-id=\"1926\" class=\"elementor elementor-1926\">\n\t\t\t\t<div class=\"elementor-element elementor-element-8348c08 e-flex e-con-boxed e-con e-parent\" data-id=\"8348c08\" data-element_type=\"container\" data-e-type=\"container\">\n\t\t\t\t\t<div class=\"e-con-inner\">\n\t\t\t\t<div class=\"elementor-element elementor-element-a00ad40 elementor-widget elementor-widget-heading\" data-id=\"a00ad40\" data-element_type=\"widget\" data-e-type=\"widget\" data-widget_type=\"heading.default\">\n\t\t\t\t<div class=\"elementor-widget-container\">\n\t\t\t\t\t<h1 class=\"elementor-heading-title elementor-size-default\">Schl\u00fcsselanh\u00e4nger<\/h1>\t\t\t\t<\/div>\n\t\t\t\t<\/div>\n\t\t\t\t\t<\/div>\n\t\t\t\t<\/div>\n\t\t<div class=\"elementor-element elementor-element-9b13770 e-grid e-con-boxed e-con e-parent\" data-id=\"9b13770\" data-element_type=\"container\" data-e-type=\"container\">\n\t\t\t\t\t<div class=\"e-con-inner\">\n\t\t\t\t<div class=\"elementor-element elementor-element-55a03fa elementor-widget elementor-widget-image\" data-id=\"55a03fa\" data-element_type=\"widget\" data-e-type=\"widget\" data-widget_type=\"image.default\">\n\t\t\t\t<div class=\"elementor-widget-container\">\n\t\t\t\t\t\t\t\t\t\t\t\t\t\t\t<img fetchpriority=\"high\" decoding=\"async\" width=\"768\" height=\"1024\" src=\"https:\/\/tanjas-hundeleinen.ch\/cms\/wp-content\/uploads\/2025\/01\/IMG_8813-768x1024.jpeg\" class=\"attachment-large size-large wp-image-2804\" alt=\"\" srcset=\"https:\/\/tanjas-hundeleinen.ch\/cms\/wp-content\/uploads\/2025\/01\/IMG_8813-768x1024.jpeg 768w, https:\/\/tanjas-hundeleinen.ch\/cms\/wp-content\/uploads\/2025\/01\/IMG_8813-225x300.jpeg 225w, https:\/\/tanjas-hundeleinen.ch\/cms\/wp-content\/uploads\/2025\/01\/IMG_8813-450x600.jpeg 450w, https:\/\/tanjas-hundeleinen.ch\/cms\/wp-content\/uploads\/2025\/01\/IMG_8813.jpeg 960w\" sizes=\"(max-width: 768px) 100vw, 768px\" \/>\t\t\t\t\t\t\t\t\t\t\t\t\t\t\t<\/div>\n\t\t\t\t<\/div>\n\t\t\t\t<div class=\"elementor-element elementor-element-dc87d81 elementor-widget elementor-widget-image\" data-id=\"dc87d81\" data-element_type=\"widget\" data-e-type=\"widget\" data-widget_type=\"image.default\">\n\t\t\t\t<div class=\"elementor-widget-container\">\n\t\t\t\t\t\t\t\t\t\t\t\t\t\t\t<img decoding=\"async\" src=\"https:\/\/tanjas-hundeleinen.ch\/cms\/wp-content\/uploads\/2024\/07\/BD9EB820-2846-41BB-B345-478C1E424417.jpeg\" title=\"\" alt=\"\" loading=\"lazy\" \/>\t\t\t\t\t\t\t\t\t\t\t\t\t\t\t<\/div>\n\t\t\t\t<\/div>\n\t\t\t\t\t<\/div>\n\t\t\t\t<\/div>\n\t\t<div class=\"elementor-element elementor-element-48233c9 e-flex e-con-boxed e-con e-parent\" data-id=\"48233c9\" data-element_type=\"container\" data-e-type=\"container\">\n\t\t\t\t\t<div class=\"e-con-inner\">\n\t\t\t\t<div class=\"elementor-element elementor-element-5083063 elementor-widget elementor-widget-text-editor\" data-id=\"5083063\" data-element_type=\"widget\" data-e-type=\"widget\" data-widget_type=\"text-editor.default\">\n\t\t\t\t<div class=\"elementor-widget-container\">\n\t\t\t\t\t\t\t\t\t<h2>Die Farben der Seile sieht man am besten in der Galerie.<br \/>Fr. 9.-<\/h2>\t\t\t\t\t\t\t\t<\/div>\n\t\t\t\t<\/div>\n\t\t\t\t\t<\/div>\n\t\t\t\t<\/div>\n\t\t<div class=\"elementor-element elementor-element-af6d92d e-flex e-con-boxed e-con e-parent\" data-id=\"af6d92d\" data-element_type=\"container\" data-e-type=\"container\">\n\t\t\t\t\t<div class=\"e-con-inner\">\n\t\t\t\t<div class=\"elementor-element elementor-element-491d2cc elementor-widget-divider--view-line elementor-widget elementor-widget-divider\" data-id=\"491d2cc\" data-element_type=\"widget\" data-e-type=\"widget\" data-widget_type=\"divider.default\">\n\t\t\t\t<div class=\"elementor-widget-container\">\n\t\t\t\t\t\t\t<div class=\"elementor-divider\">\n\t\t\t<span class=\"elementor-divider-separator\">\n\t\t\t\t\t\t<\/span>\n\t\t<\/div>\n\t\t\t\t\t\t<\/div>\n\t\t\t\t<\/div>\n\t\t\t\t\t<\/div>\n\t\t\t\t<\/div>\n\t\t<div class=\"elementor-element elementor-element-472b4e5 e-flex e-con-boxed e-con e-parent\" data-id=\"472b4e5\" data-element_type=\"container\" data-e-type=\"container\">\n\t\t\t\t\t<div class=\"e-con-inner\">\n\t\t\t\t<div class=\"elementor-element elementor-element-cd5ccca elementor-widget elementor-widget-heading\" data-id=\"cd5ccca\" data-element_type=\"widget\" data-e-type=\"widget\" data-widget_type=\"heading.default\">\n\t\t\t\t<div class=\"elementor-widget-container\">\n\t\t\t\t\t<h1 class=\"elementor-heading-title elementor-size-default\">Kacks\u00e4cklihalter<\/h1>\t\t\t\t<\/div>\n\t\t\t\t<\/div>\n\t\t\t\t\t<\/div>\n\t\t\t\t<\/div>\n\t\t<div class=\"elementor-element elementor-element-f2e07ef e-grid e-con-boxed e-con e-parent\" data-id=\"f2e07ef\" data-element_type=\"container\" data-e-type=\"container\">\n\t\t\t\t\t<div class=\"e-con-inner\">\n\t\t\t\t<div class=\"elementor-element elementor-element-515c6ad elementor-widget elementor-widget-image\" data-id=\"515c6ad\" data-element_type=\"widget\" data-e-type=\"widget\" data-widget_type=\"image.default\">\n\t\t\t\t<div class=\"elementor-widget-container\">\n\t\t\t\t\t\t\t\t\t\t\t\t\t\t\t<img decoding=\"async\" src=\"https:\/\/tanjas-hundeleinen.ch\/cms\/wp-content\/uploads\/2024\/05\/IMG_6654-1.jpeg\" title=\"\" alt=\"\" loading=\"lazy\" \/>\t\t\t\t\t\t\t\t\t\t\t\t\t\t\t<\/div>\n\t\t\t\t<\/div>\n\t\t\t\t<div class=\"elementor-element elementor-element-9ff3541 elementor-widget elementor-widget-image\" data-id=\"9ff3541\" data-element_type=\"widget\" data-e-type=\"widget\" data-widget_type=\"image.default\">\n\t\t\t\t<div class=\"elementor-widget-container\">\n\t\t\t\t\t\t\t\t\t\t\t\t\t\t\t<img decoding=\"async\" src=\"https:\/\/tanjas-hundeleinen.ch\/cms\/wp-content\/uploads\/2024\/05\/IMG_6650.jpeg\" title=\"\" alt=\"\" loading=\"lazy\" \/>\t\t\t\t\t\t\t\t\t\t\t\t\t\t\t<\/div>\n\t\t\t\t<\/div>\n\t\t\t\t<div class=\"elementor-element elementor-element-ae4db8d elementor-widget elementor-widget-image\" data-id=\"ae4db8d\" data-element_type=\"widget\" data-e-type=\"widget\" data-widget_type=\"image.default\">\n\t\t\t\t<div class=\"elementor-widget-container\">\n\t\t\t\t\t\t\t\t\t\t\t\t\t\t\t<img decoding=\"async\" width=\"768\" height=\"1024\" src=\"https:\/\/tanjas-hundeleinen.ch\/cms\/wp-content\/uploads\/2025\/01\/IMG_8869-768x1024.jpeg\" class=\"attachment-large size-large wp-image-2820\" alt=\"\" srcset=\"https:\/\/tanjas-hundeleinen.ch\/cms\/wp-content\/uploads\/2025\/01\/IMG_8869-768x1024.jpeg 768w, https:\/\/tanjas-hundeleinen.ch\/cms\/wp-content\/uploads\/2025\/01\/IMG_8869-225x300.jpeg 225w, https:\/\/tanjas-hundeleinen.ch\/cms\/wp-content\/uploads\/2025\/01\/IMG_8869-450x600.jpeg 450w, https:\/\/tanjas-hundeleinen.ch\/cms\/wp-content\/uploads\/2025\/01\/IMG_8869.jpeg 960w\" sizes=\"(max-width: 768px) 100vw, 768px\" \/>\t\t\t\t\t\t\t\t\t\t\t\t\t\t\t<\/div>\n\t\t\t\t<\/div>\n\t\t\t\t\t<\/div>\n\t\t\t\t<\/div>\n\t\t<div class=\"elementor-element elementor-element-d7507d8 e-flex e-con-boxed e-con e-parent\" data-id=\"d7507d8\" data-element_type=\"container\" data-e-type=\"container\">\n\t\t\t\t\t<div class=\"e-con-inner\">\n\t\t\t\t<div class=\"elementor-element elementor-element-f4bdc75 elementor-widget elementor-widget-text-editor\" data-id=\"f4bdc75\" data-element_type=\"widget\" data-e-type=\"widget\" data-widget_type=\"text-editor.default\">\n\t\t\t\t<div class=\"elementor-widget-container\">\n\t\t\t\t\t\t\t\t\t<h2>Gut zu wissen<\/h2>\n<h3><ul><li>sehr n\u00fctzlich f\u00fcr leere von volle S\u00e4ckli<\/li><\/ul><\/h3>\n<h3><ul><li>einfach an die Leine oder Tasche anzuh\u00e4ngen&nbsp;<\/li><\/ul><\/h3>\n<h3><ul><li>verschiedene Farben und Anh\u00e4nger w\u00e4hlbar<\/li><\/ul><\/h3>\n<h3><ul><li>Einfacher Halter Fr. 8.-<\/li><\/ul><\/h3>\n<h3><ul><li>Doppelter Halter (f\u00fcr leere und volle S\u00e4ckli) Fr. 9.-<\/li><\/ul><\/h3>\t\t\t\t\t\t\t\t<\/div>\n\t\t\t\t<\/div>\n\t\t\t\t\t<\/div>\n\t\t\t\t<\/div>\n\t\t<div class=\"elementor-element elementor-element-db7109e e-flex e-con-boxed e-con e-parent\" data-id=\"db7109e\" data-element_type=\"container\" data-e-type=\"container\">\n\t\t\t\t\t<div class=\"e-con-inner\">\n\t\t\t\t<div class=\"elementor-element elementor-element-fc0d87e elementor-widget-divider--view-line elementor-widget elementor-widget-divider\" data-id=\"fc0d87e\" data-element_type=\"widget\" data-e-type=\"widget\" data-widget_type=\"divider.default\">\n\t\t\t\t<div class=\"elementor-widget-container\">\n\t\t\t\t\t\t\t<div class=\"elementor-divider\">\n\t\t\t<span class=\"elementor-divider-separator\">\n\t\t\t\t\t\t<\/span>\n\t\t<\/div>\n\t\t\t\t\t\t<\/div>\n\t\t\t\t<\/div>\n\t\t\t\t\t<\/div>\n\t\t\t\t<\/div>\n\t\t<div class=\"elementor-element elementor-element-066bac4 e-flex e-con-boxed e-con e-parent\" data-id=\"066bac4\" data-element_type=\"container\" data-e-type=\"container\">\n\t\t\t\t\t<div class=\"e-con-inner\">\n\t\t\t\t<div class=\"elementor-element elementor-element-22a4b7b elementor-widget elementor-widget-heading\" data-id=\"22a4b7b\" data-element_type=\"widget\" data-e-type=\"widget\" data-widget_type=\"heading.default\">\n\t\t\t\t<div class=\"elementor-widget-container\">\n\t\t\t\t\t<h1 class=\"elementor-heading-title elementor-size-default\">Spielzeug<\/h1>\t\t\t\t<\/div>\n\t\t\t\t<\/div>\n\t\t\t\t\t<\/div>\n\t\t\t\t<\/div>\n\t\t<div class=\"elementor-element elementor-element-75ef28a e-grid e-con-boxed e-con e-parent\" data-id=\"75ef28a\" data-element_type=\"container\" data-e-type=\"container\">\n\t\t\t\t\t<div class=\"e-con-inner\">\n\t\t\t\t<div class=\"elementor-element elementor-element-e957bb7 elementor-widget elementor-widget-image\" data-id=\"e957bb7\" data-element_type=\"widget\" data-e-type=\"widget\" data-widget_type=\"image.default\">\n\t\t\t\t<div class=\"elementor-widget-container\">\n\t\t\t\t\t\t\t\t\t\t\t\t\t\t\t<img decoding=\"async\" src=\"https:\/\/tanjas-hundeleinen.ch\/cms\/wp-content\/uploads\/2024\/05\/IMG_6407.jpeg\" title=\"\" alt=\"\" loading=\"lazy\" \/>\t\t\t\t\t\t\t\t\t\t\t\t\t\t\t<\/div>\n\t\t\t\t<\/div>\n\t\t\t\t<div class=\"elementor-element elementor-element-b2fdbfd elementor-widget elementor-widget-image\" data-id=\"b2fdbfd\" data-element_type=\"widget\" data-e-type=\"widget\" data-widget_type=\"image.default\">\n\t\t\t\t<div class=\"elementor-widget-container\">\n\t\t\t\t\t\t\t\t\t\t\t\t\t\t\t<img decoding=\"async\" src=\"https:\/\/tanjas-hundeleinen.ch\/cms\/wp-content\/uploads\/2024\/04\/12436787-IMG_4644-16790.w640.jpeg\" title=\"\" alt=\"\" loading=\"lazy\" \/>\t\t\t\t\t\t\t\t\t\t\t\t\t\t\t<\/div>\n\t\t\t\t<\/div>\n\t\t\t\t<div class=\"elementor-element elementor-element-64853d2 elementor-widget elementor-widget-image\" data-id=\"64853d2\" data-element_type=\"widget\" data-e-type=\"widget\" data-widget_type=\"image.default\">\n\t\t\t\t<div class=\"elementor-widget-container\">\n\t\t\t\t\t\t\t\t\t\t\t\t\t\t\t<img decoding=\"async\" width=\"768\" height=\"1024\" src=\"https:\/\/tanjas-hundeleinen.ch\/cms\/wp-content\/uploads\/2025\/01\/IMG_8819-768x1024.jpeg\" class=\"attachment-large size-large wp-image-2808\" alt=\"\" srcset=\"https:\/\/tanjas-hundeleinen.ch\/cms\/wp-content\/uploads\/2025\/01\/IMG_8819-768x1024.jpeg 768w, https:\/\/tanjas-hundeleinen.ch\/cms\/wp-content\/uploads\/2025\/01\/IMG_8819-225x300.jpeg 225w, https:\/\/tanjas-hundeleinen.ch\/cms\/wp-content\/uploads\/2025\/01\/IMG_8819-450x600.jpeg 450w, https:\/\/tanjas-hundeleinen.ch\/cms\/wp-content\/uploads\/2025\/01\/IMG_8819.jpeg 960w\" sizes=\"(max-width: 768px) 100vw, 768px\" \/>\t\t\t\t\t\t\t\t\t\t\t\t\t\t\t<\/div>\n\t\t\t\t<\/div>\n\t\t\t\t\t<\/div>\n\t\t\t\t<\/div>\n\t\t<div class=\"elementor-element elementor-element-578957f e-flex e-con-boxed e-con e-parent\" data-id=\"578957f\" data-element_type=\"container\" data-e-type=\"container\">\n\t\t\t\t\t<div class=\"e-con-inner\">\n\t\t\t\t<div class=\"elementor-element elementor-element-0b0f0b6 elementor-widget elementor-widget-text-editor\" data-id=\"0b0f0b6\" data-element_type=\"widget\" data-e-type=\"widget\" data-widget_type=\"text-editor.default\">\n\t\t\t\t<div class=\"elementor-widget-container\">\n\t\t\t\t\t\t\t\t\t<h2>Die Seile gibt es in verschiedenen St\u00e4rken, 6mm, 8mm und 10mm. Jedes Spielzeug kann individuell bestellt werden. Die Farben der Seile sieht man am besten in der Galerie.<br \/><br \/>10mm Seil Fr. 14.- \/ 8mm Seil Fr. 12.- \/ 6mm Seil Fr. 10.-<\/h2>\t\t\t\t\t\t\t\t<\/div>\n\t\t\t\t<\/div>\n\t\t\t\t\t<\/div>\n\t\t\t\t<\/div>\n\t\t<div class=\"elementor-element elementor-element-395e2ae e-flex e-con-boxed e-con e-parent\" data-id=\"395e2ae\" data-element_type=\"container\" data-e-type=\"container\">\n\t\t\t\t\t<div class=\"e-con-inner\">\n\t\t\t\t<div class=\"elementor-element elementor-element-0b4d42c elementor-widget-divider--view-line elementor-widget elementor-widget-divider\" data-id=\"0b4d42c\" data-element_type=\"widget\" data-e-type=\"widget\" data-widget_type=\"divider.default\">\n\t\t\t\t<div class=\"elementor-widget-container\">\n\t\t\t\t\t\t\t<div class=\"elementor-divider\">\n\t\t\t<span class=\"elementor-divider-separator\">\n\t\t\t\t\t\t<\/span>\n\t\t<\/div>\n\t\t\t\t\t\t<\/div>\n\t\t\t\t<\/div>\n\t\t\t\t\t<\/div>\n\t\t\t\t<\/div>\n\t\t<div class=\"elementor-element elementor-element-d8c9dfd e-flex e-con-boxed e-con e-parent\" data-id=\"d8c9dfd\" data-element_type=\"container\" data-e-type=\"container\">\n\t\t\t\t\t<div class=\"e-con-inner\">\n\t\t\t\t<div class=\"elementor-element elementor-element-72e1834 elementor-widget elementor-widget-heading\" data-id=\"72e1834\" data-element_type=\"widget\" data-e-type=\"widget\" data-widget_type=\"heading.default\">\n\t\t\t\t<div class=\"elementor-widget-container\">\n\t\t\t\t\t<h1 class=\"elementor-heading-title elementor-size-default\">Zecken- und Schmuckhalsb\u00e4nder<\/h1>\t\t\t\t<\/div>\n\t\t\t\t<\/div>\n\t\t\t\t\t<\/div>\n\t\t\t\t<\/div>\n\t\t<div class=\"elementor-element elementor-element-95f09f5 e-grid e-con-boxed e-con e-parent\" data-id=\"95f09f5\" data-element_type=\"container\" data-e-type=\"container\">\n\t\t\t\t\t<div class=\"e-con-inner\">\n\t\t\t\t<div class=\"elementor-element elementor-element-d2c81d5 elementor-widget elementor-widget-image\" data-id=\"d2c81d5\" data-element_type=\"widget\" data-e-type=\"widget\" data-widget_type=\"image.default\">\n\t\t\t\t<div class=\"elementor-widget-container\">\n\t\t\t\t\t\t\t\t\t\t\t\t\t\t\t<img decoding=\"async\" src=\"https:\/\/tanjas-hundeleinen.ch\/cms\/wp-content\/uploads\/2024\/07\/IMG_6941.jpeg\" title=\"\" alt=\"\" loading=\"lazy\" \/>\t\t\t\t\t\t\t\t\t\t\t\t\t\t\t<\/div>\n\t\t\t\t<\/div>\n\t\t\t\t<div class=\"elementor-element elementor-element-d256df0 elementor-widget elementor-widget-image\" data-id=\"d256df0\" data-element_type=\"widget\" data-e-type=\"widget\" data-widget_type=\"image.default\">\n\t\t\t\t<div class=\"elementor-widget-container\">\n\t\t\t\t\t\t\t\t\t\t\t\t\t\t\t<img loading=\"lazy\" decoding=\"async\" width=\"768\" height=\"1024\" src=\"https:\/\/tanjas-hundeleinen.ch\/cms\/wp-content\/uploads\/2025\/01\/IMG_8910-768x1024.jpeg\" class=\"attachment-large size-large wp-image-2861\" alt=\"\" srcset=\"https:\/\/tanjas-hundeleinen.ch\/cms\/wp-content\/uploads\/2025\/01\/IMG_8910-768x1024.jpeg 768w, https:\/\/tanjas-hundeleinen.ch\/cms\/wp-content\/uploads\/2025\/01\/IMG_8910-225x300.jpeg 225w, https:\/\/tanjas-hundeleinen.ch\/cms\/wp-content\/uploads\/2025\/01\/IMG_8910-450x600.jpeg 450w, https:\/\/tanjas-hundeleinen.ch\/cms\/wp-content\/uploads\/2025\/01\/IMG_8910.jpeg 960w\" sizes=\"(max-width: 768px) 100vw, 768px\" \/>\t\t\t\t\t\t\t\t\t\t\t\t\t\t\t<\/div>\n\t\t\t\t<\/div>\n\t\t\t\t\t<\/div>\n\t\t\t\t<\/div>\n\t\t<div class=\"elementor-element elementor-element-5795ab1 e-flex e-con-boxed e-con e-parent\" data-id=\"5795ab1\" data-element_type=\"container\" data-e-type=\"container\">\n\t\t\t\t\t<div class=\"e-con-inner\">\n\t\t\t\t<div class=\"elementor-element elementor-element-4bc9c9e elementor-widget elementor-widget-text-editor\" data-id=\"4bc9c9e\" data-element_type=\"widget\" data-e-type=\"widget\" data-widget_type=\"text-editor.default\">\n\t\t\t\t<div class=\"elementor-widget-container\">\n\t\t\t\t\t\t\t\t\t<p>pro EM-Keramikperle oder Schmuckperle wird Fr. 1.50 verrechnet. (Ein Band mit 10 Perlen kostet Fr. 15.-)<\/p>\t\t\t\t\t\t\t\t<\/div>\n\t\t\t\t<\/div>\n\t\t\t\t\t<\/div>\n\t\t\t\t<\/div>\n\t\t\t\t<\/div>\n\t\t","protected":false},"excerpt":{"rendered":"<p>Schl\u00fcsselanh\u00e4nger Die Farben der Seile sieht man am besten in der Galerie.Fr. 9.- Kacks\u00e4cklihalter Gut zu wissen sehr n\u00fctzlich f\u00fcr leere von volle S\u00e4ckli einfach an die Leine oder Tasche anzuh\u00e4ngen&nbsp; verschiedene Farben und Anh\u00e4nger w\u00e4hlbar Einfacher Halter Fr. 8.- Doppelter Halter (f\u00fcr leere und volle S\u00e4ckli) Fr. 9.- Spielzeug Die Seile gibt es in&hellip;&nbsp;<a href=\"https:\/\/tanjas-hundeleinen.ch\/cms\/verschiedenes\/\" rel=\"bookmark\">Weiterlesen &raquo;<span class=\"screen-reader-text\">Verschiedenes<\/span><\/a><\/p>\n","protected":false},"author":1,"featured_media":0,"parent":0,"menu_order":0,"comment_status":"closed","ping_status":"closed","template":"","meta":{"neve_meta_sidebar":"","neve_meta_container":"","neve_meta_enable_content_width":"","neve_meta_content_width":0,"neve_meta_title_alignment":"","neve_meta_author_avatar":"","neve_post_elements_order":"","neve_meta_disable_header":"","neve_meta_disable_footer":"","neve_meta_disable_title":"","footnotes":""},"class_list":["post-1926","page","type-page","status-publish","hentry"],"_links":{"self":[{"href":"https:\/\/tanjas-hundeleinen.ch\/cms\/wp-json\/wp\/v2\/pages\/1926","targetHints":{"allow":["GET"]}}],"collection":[{"href":"https:\/\/tanjas-hundeleinen.ch\/cms\/wp-json\/wp\/v2\/pages"}],"about":[{"href":"https:\/\/tanjas-hundeleinen.ch\/cms\/wp-json\/wp\/v2\/types\/page"}],"author":[{"embeddable":true,"href":"https:\/\/tanjas-hundeleinen.ch\/cms\/wp-json\/wp\/v2\/users\/1"}],"replies":[{"embeddable":true,"href":"https:\/\/tanjas-hundeleinen.ch\/cms\/wp-json\/wp\/v2\/comments?post=1926"}],"version-history":[{"count":53,"href":"https:\/\/tanjas-hundeleinen.ch\/cms\/wp-json\/wp\/v2\/pages\/1926\/revisions"}],"predecessor-version":[{"id":2877,"href":"https:\/\/tanjas-hundeleinen.ch\/cms\/wp-json\/wp\/v2\/pages\/1926\/revisions\/2877"}],"wp:attachment":[{"href":"https:\/\/tanjas-hundeleinen.ch\/cms\/wp-json\/wp\/v2\/media?parent=1926"}],"curies":[{"name":"wp","href":"https:\/\/api.w.org\/{rel}","templated":true}]}}