{"id":1024,"date":"2024-04-26T14:49:09","date_gmt":"2024-04-26T12:49:09","guid":{"rendered":"https:\/\/tanjas-hundeleinen.ch\/cms\/?page_id=1024"},"modified":"2025-01-19T17:55:32","modified_gmt":"2025-01-19T16:55:32","slug":"gaestebuch","status":"publish","type":"page","link":"https:\/\/tanjas-hundeleinen.ch\/cms\/gaestebuch\/","title":{"rendered":"G\u00e4stebuch"},"content":{"rendered":"\t\t<div data-elementor-type=\"wp-page\" data-elementor-id=\"1024\" class=\"elementor elementor-1024\">\n\t\t\t\t<div class=\"elementor-element elementor-element-540c2a2 e-flex e-con-boxed e-con e-parent\" data-id=\"540c2a2\" data-element_type=\"container\" data-e-type=\"container\">\n\t\t\t\t\t<div class=\"e-con-inner\">\n\t\t\t\t<div class=\"elementor-element elementor-element-af1d034 elementor-widget elementor-widget-text-editor\" data-id=\"af1d034\" data-element_type=\"widget\" data-e-type=\"widget\" data-widget_type=\"text-editor.default\">\n\t\t\t\t<div class=\"elementor-widget-container\">\n\t\t\t\t\t\t\t\t\t<div class=\"gwolle-gb\"><div class=\"gwolle-gb-messages-top-container\"><\/div>\n\t\t\t<div class=\"gwolle-gb-write-button\">\n\t\t\t\t<input type=\"button\" name=\"gwolle-gb-write-button\" class=\"button btn btn-default \" value=\"Neuen Eintrag schreiben\" aria-expanded=\"false\" \/>\n\t\t\t<\/div>\n\t\t\t<form action=\"#\" method=\"POST\" class=\"gwolle-gb-write gwolle-gb-hide gwolle-gb-float gwolle-gb-form-ajax gwolle-gb-ajax gwolle-gb-not-logged-in\">\n\t\t\t\t<h3>Eintrag im G\u00e4stebuch erstellen<\/h3>\n\t\t\t\t<button type=\"button\" class=\"gb-notice-dismiss\">x<span class=\"screen-reader-text\">Dieses Formular ausblenden<\/span><\/button>\n\t\t\t\n\t\t\t\t<input type=\"hidden\" name=\"gwolle_gb_function\" class=\"gwolle_gb_function\" value=\"add_entry\" \/><input type=\"hidden\" name=\"gwolle_gb_book_id\" class=\"gwolle_gb_book_id\" value=\"1\" \/><div class=\"gwolle_gb_87f84e859f9c82c7d3080394579b734d\">\n\t\t\t\t<div class=\"label\"><label for=\"gwolle_gb_87f84e859f9c82c7d3080394579b734d-1\" class=\"text-info\">Name <span class=\"required\">*<\/span><\/label><\/div>\n\t\t\t\t<div class=\"input\"><input class=\"wp-exclude-emoji gwolle_gb_87f84e859f9c82c7d3080394579b734d\" value=\"\" type=\"text\" id=\"gwolle_gb_87f84e859f9c82c7d3080394579b734d-1\" name=\"gwolle_gb_87f84e859f9c82c7d3080394579b734d\" required \/><\/div>\n\t\t\t\t<div class=\"clearBoth\">&nbsp;<\/div>\n\t\t\t<\/div><div class=\"gwolle_gb_0b8d50a8cf58c8a7ab615d35b78822b2\">\n\t\t\t\t<div class=\"label\"><label for=\"gwolle_gb_0b8d50a8cf58c8a7ab615d35b78822b2-1\" class=\"text-info\">E-Mail <span class=\"required\">*<\/span><\/label><\/div>\n\t\t\t\t<div class=\"input\"><input class=\"gwolle_gb_0b8d50a8cf58c8a7ab615d35b78822b2\" value=\"\" type=\"email\" id=\"gwolle_gb_0b8d50a8cf58c8a7ab615d35b78822b2-1\" name=\"gwolle_gb_0b8d50a8cf58c8a7ab615d35b78822b2\" required \/><\/div>\n\t\t\t\t<div class=\"clearBoth\">&nbsp;<\/div>\n\t\t\t<\/div>\n\t\t\t<div class=\"gwolle_gb_9b82c9c3b7c68de126811c292c29c5e8\" style=\"display:none;overflow:hidden;\" hidden=\"true\" aria-hidden=\"true\">\n\t\t\t\t<div class=\"label\">\n\t\t\t\t\t<label for=\"gwolle_gb_9b82c9c3b7c68de126811c292c29c5e8-1\" class=\"text-primary\">Hier nichts eingeben<\/label>\n\t\t\t\t\t<label for=\"gwolle_gb_782806146644e8b84008b29f1f32fb5f-1\" class=\"text-primary\">Hier nichts eingeben<\/label>\n\t\t\t\t<\/div>\n\t\t\t\t<div class=\"input\">\n\t\t\t\t\t<input value=\"21\" type=\"text\" id=\"gwolle_gb_9b82c9c3b7c68de126811c292c29c5e8-1\" name=\"gwolle_gb_9b82c9c3b7c68de126811c292c29c5e8\" class=\"gwolle_gb_9b82c9c3b7c68de126811c292c29c5e8\" style=\"transform: translateY(10000px);\" \/>\n\t\t\t\t\t<input value=\"\" type=\"text\" name=\"gwolle_gb_782806146644e8b84008b29f1f32fb5f\" id=\"gwolle_gb_782806146644e8b84008b29f1f32fb5f-1\" class=\"gwolle_gb_782806146644e8b84008b29f1f32fb5f\" style=\"transform: translateY(10000px);\" \/>\n\t\t\t\t<\/div>\n\t\t\t\t<div class=\"clearBoth\"><\/div>\n\t\t\t<\/div>\n\t\t\t<div class=\"gwolle_gb_231bb16515e0a9c26c174bf7ccb1c08f\" style=\"display:none;overflow:hidden;\" hidden=\"true\" aria-hidden=\"true\">\n\t\t\t\t<div class=\"label\">\n\t\t\t\t\t<label for=\"gwolle_gb_231bb16515e0a9c26c174bf7ccb1c08f-1\" class=\"text-primary\">Hier nichts eingeben<\/label>\n\t\t\t\t\t<label for=\"gwolle_gb_ecb5aed5cac75a2700161de80856e681-1\" class=\"text-primary\">Hier nichts eingeben<\/label>\n\t\t\t\t<\/div>\n\t\t\t\t<div class=\"input\">\n\t\t\t\t\t<input value=\"17626\" type=\"text\" id=\"gwolle_gb_231bb16515e0a9c26c174bf7ccb1c08f-1\" name=\"gwolle_gb_231bb16515e0a9c26c174bf7ccb1c08f\" class=\"gwolle_gb_231bb16515e0a9c26c174bf7ccb1c08f\" style=\"transform: translateY(10000px);\" \/>\n\t\t\t\t\t<input value=\"17626\" type=\"text\"id=\"gwolle_gb_ecb5aed5cac75a2700161de80856e681-1\" name=\"gwolle_gb_ecb5aed5cac75a2700161de80856e681\" class=\"gwolle_gb_ecb5aed5cac75a2700161de80856e681\" style=\"transform: translateY(10000px);\" \/>\n\t\t\t\t<\/div>\n\t\t\t\t<div class=\"clearBoth\"><\/div>\n\t\t\t<\/div><div class=\"gwolle_gb_content\">\n\t\t\t\t<div class=\"label\"><label for=\"gwolle_gb_content-1\" class=\"text-info\">G\u00e4stebucheintrag <span class=\"required\">*<\/span><\/label><\/div>\n\t\t\t\t<div class=\"input\"><textarea id=\"gwolle_gb_content-1\" name=\"gwolle_gb_content\" class=\"gwolle_gb_content wp-exclude-emoji\" required ><\/textarea><\/div>\n\t\t\t\t\t<div class=\"clearBoth\">&nbsp;<\/div>\n\t\t\t\t<\/div><input type=\"hidden\" class=\"gwolle_gb_c4a6a59441fa3a1d1f71c1ed5f9f7862\" id=\"gwolle_gb_c4a6a59441fa3a1d1f71c1ed5f9f7862-1\" name=\"gwolle_gb_c4a6a59441fa3a1d1f71c1ed5f9f7862\" value=\"b3d1748a83\" \/>\n\t\t\t<div class=\"gwolle-gb-messages-bottom-container\"><\/div>\n\n\t\t\t<noscript><div class=\"no-js\">Warnung: Dieses Formular kann nur verwendet werden, wenn in deinem Browser JavaScript aktiviert ist.<\/div><\/noscript>\n\n\t\t\t<div class=\"gwolle_gb_submit gwolle-gb-submit\">\n\t\t\t\t<div class=\"label gwolle-gb-invisible text-muted\">&nbsp;<\/div>\n\t\t\t\t<div class=\"input\">\n\t\t\t\t\t<input type=\"submit\" name=\"gwolle_gb_submit\" class=\"gwolle_gb_submit button btn btn-primary \" value=\"Absenden\" \/>\n\t\t\t\t\t<span class=\"gwolle_gb_submit_ajax_icon gwolle-gb-submit-ajax-icon\"><\/span>\n\t\t\t\n\t\t\t\t<\/div>\n\t\t\t\t<div class=\"clearBoth\">&nbsp;<\/div>\n\t\t\t<\/div>\n\n\t\t\t<div class=\"gwolle_gb_notice gwolle-gb-notice\">\n\t\t\t\t<br \/>\nMit * gekennzeichnete Felder sind erforderlich.<br \/>\nDeine E-Mail-Adresse wird nicht ver\u00f6ffentlicht.<br \/>\nEs ist m\u00f6glich, dass dein Eintrag im G\u00e4stebuch erst sichtbar ist, nachdem wir ihn \u00fcberpr\u00fcft haben.<br \/>\nWir behalten uns vor, Eintr\u00e4ge zu bearbeiten, zu l\u00f6schen oder nicht zu ver\u00f6ffentlichen.<br \/>\n\n\t\t\t<\/div><\/form><div class=\"gwolle-gb-read gwolle-gb-ajax gwolle-gb-entries-list\" data-book_id=\"1\" data-page_id=\"1\">\n\t\t<div id=\"gwolle-gb-total\" class=\"gwolle-gb-total\">7 Eintr\u00e4ge<\/div><!-- Gwolle-GB Entry: Default Template Loaded -->\n\t\t\t\t<div class=\"gb-entry gb-entry_152 gb-entry-count_1 gwolle-gb-uneven gwolle-gb-first\" id=\"gb-entry_152\" data-entry_id=\"152\">\n\t\t\t\t<article>\n\t\t\t\t\t<div class=\"gb-author-info\">\n\t\t\t\t\t\t<span class=\"gb-author-name\">Olivia\n\t\t\t\t\t\t<\/span>\n\t\t\t\t\t\t<span class=\"gb-datetime\">\n\t\t\t\t\t\t\t<span class=\"gb-date\"><span class=\"gb-date-wrote-text\"> schrieb am<\/span><span class=\"gb-date-text\"> 26. Dezember 2025<\/span>\n\t\t\t\t\t\t\t<\/span><span class=\"gb-time\">\n\t\t\t\t\t\t\t\t\t<span class=\"gb-time-at-text\"> um<\/span>\n\t\t\t\t\t\t\t\t\t<span class=\"gb-time-text\"> 21:25<\/span>\n\t\t\t\t\t\t\t\t<\/span>\n\t\t\t\t\t\t<\/span> \n\t\t\t\t\t<\/div>\n\t\t\t\t\t<div class=\"gb-entry-content\">Liebe Tanja\r\nVielen Dank f\u00fcr das wundersch\u00f6ne Halsband und die Leine f\u00fcr Juna. Beides passt perfekt und ist einfach traumhaft sch\u00f6n. Wir sind begeistert!\n\t\t\t\t\t<\/div>\n\t\t\t\t<\/article>\n\t\t\t<\/div>\n\t\t\t<div class=\"gb-entry gb-entry_151 gb-entry-count_2 gwolle-gb-even\" id=\"gb-entry_151\" data-entry_id=\"151\">\n\t\t\t\t<article>\n\t\t\t\t\t<div class=\"gb-author-info\">\n\t\t\t\t\t\t<span class=\"gb-author-name\">Karin Begert\n\t\t\t\t\t\t<\/span>\n\t\t\t\t\t\t<span class=\"gb-datetime\">\n\t\t\t\t\t\t\t<span class=\"gb-date\"><span class=\"gb-date-wrote-text\"> schrieb am<\/span><span class=\"gb-date-text\"> 18. Dezember 2025<\/span>\n\t\t\t\t\t\t\t<\/span><span class=\"gb-time\">\n\t\t\t\t\t\t\t\t\t<span class=\"gb-time-at-text\"> um<\/span>\n\t\t\t\t\t\t\t\t\t<span class=\"gb-time-text\"> 16:27<\/span>\n\t\t\t\t\t\t\t\t<\/span>\n\t\t\t\t\t\t<\/span> \n\t\t\t\t\t<\/div>\n\t\t\t\t\t<div class=\"gb-entry-content\">Liebe Tanja, vielen Dank f\u00fcr das wunderbare Halsband mit Zugstopp. Das Unikat passt Aron perfekt und macht ihn nochmals sch\u00f6ner :-). LG Karin\n\t\t\t\t\t<\/div>\n\t\t\t\t<\/article>\n\t\t\t<\/div>\n\t\t\t<div class=\"gb-entry gb-entry_143 gb-entry-count_3 gwolle-gb-uneven\" id=\"gb-entry_143\" data-entry_id=\"143\">\n\t\t\t\t<article>\n\t\t\t\t\t<div class=\"gb-author-info\">\n\t\t\t\t\t\t<span class=\"gb-author-name\">Marion Magdalena\n\t\t\t\t\t\t<\/span>\n\t\t\t\t\t\t<span class=\"gb-datetime\">\n\t\t\t\t\t\t\t<span class=\"gb-date\"><span class=\"gb-date-wrote-text\"> schrieb am<\/span><span class=\"gb-date-text\"> 7. November 2025<\/span>\n\t\t\t\t\t\t\t<\/span><span class=\"gb-time\">\n\t\t\t\t\t\t\t\t\t<span class=\"gb-time-at-text\"> um<\/span>\n\t\t\t\t\t\t\t\t\t<span class=\"gb-time-text\"> 11:05<\/span>\n\t\t\t\t\t\t\t\t<\/span>\n\t\t\t\t\t\t<\/span> \n\t\t\t\t\t<\/div>\n\t\t\t\t\t<div class=\"gb-entry-content\">Liebe Tanja, herzlichen Dank f\u00fcr das gro\u00dfartige Halsband, sowie Leine f\u00fcr unseren Hund Gangster. Tolle Qualit\u00e4t &#8211; und mit soviel Liebe zum Detail hergestellt! Auch die Zusendung \u00fcber ein anderes Land hat funktioniert&#8230; perfekt. Wir k\u00f6nnen dich nur weiterempfehlen und hoffen, dass wir uns in Montenegro einmal wiedersehen. Herzliche Gr\u00fc\u00dfe, Magdalena (www.kucamajo-kotor.me)\n\t\t\t\t\t<\/div>\n\t\t\t\t<\/article>\n\t\t\t<\/div>\n\t\t\t<div class=\"gb-entry gb-entry_47 gb-entry-count_4 gwolle-gb-even\" id=\"gb-entry_47\" data-entry_id=\"47\">\n\t\t\t\t<article>\n\t\t\t\t\t<div class=\"gb-author-info\">\n\t\t\t\t\t\t<span class=\"gb-author-name\">Inke\n\t\t\t\t\t\t<\/span>\n\t\t\t\t\t\t<span class=\"gb-datetime\">\n\t\t\t\t\t\t\t<span class=\"gb-date\"><span class=\"gb-date-wrote-text\"> schrieb am<\/span><span class=\"gb-date-text\"> 19. Januar 2025<\/span>\n\t\t\t\t\t\t\t<\/span><span class=\"gb-time\">\n\t\t\t\t\t\t\t\t\t<span class=\"gb-time-at-text\"> um<\/span>\n\t\t\t\t\t\t\t\t\t<span class=\"gb-time-text\"> 17:10<\/span>\n\t\t\t\t\t\t\t\t<\/span>\n\t\t\t\t\t\t<\/span> \n\t\t\t\t\t<\/div>\n\t\t\t\t\t<div class=\"gb-entry-content\">Liebe Tanja\r\nVielen lieben Dank f\u00fcr das wundersch\u00f6ne Halsband mit passender Leine\ud83d\ude42. Melde mich gerne wieder, wenn ich nochmal eine brauche\n\t\t\t\t\t<\/div>\n\t\t\t\t<\/article>\n\t\t\t<\/div>\n\t\t\t<div class=\"gb-entry gb-entry_41 gb-entry-count_5 gwolle-gb-uneven\" id=\"gb-entry_41\" data-entry_id=\"41\">\n\t\t\t\t<article>\n\t\t\t\t\t<div class=\"gb-author-info\">\n\t\t\t\t\t\t<span class=\"gb-author-name\">Simone\n\t\t\t\t\t\t<\/span>\n\t\t\t\t\t\t<span class=\"gb-datetime\">\n\t\t\t\t\t\t\t<span class=\"gb-date\"><span class=\"gb-date-wrote-text\"> schrieb am<\/span><span class=\"gb-date-text\"> 25. Dezember 2024<\/span>\n\t\t\t\t\t\t\t<\/span><span class=\"gb-time\">\n\t\t\t\t\t\t\t\t\t<span class=\"gb-time-at-text\"> um<\/span>\n\t\t\t\t\t\t\t\t\t<span class=\"gb-time-text\"> 17:36<\/span>\n\t\t\t\t\t\t\t\t<\/span>\n\t\t\t\t\t\t<\/span> \n\t\t\t\t\t<\/div>\n\t\t\t\t\t<div class=\"gb-entry-content\">Liebe Tanja\nDie Halsband und Leinenkombi bekam unser Finley in seinem Weihnachtsstrumpf. \u2764\ufe0f Es sind so sch\u00f6ne Farben! Danke vielmals f\u00fcr deine Arbeit und den unkomplizierten Kontakt.\n\t\t\t\t\t<\/div>\n\t\t\t\t<\/article>\n\t\t\t<\/div>\n\t\t\t<div class=\"gb-entry gb-entry_12 gb-entry-count_6 gwolle-gb-even\" id=\"gb-entry_12\" data-entry_id=\"12\">\n\t\t\t\t<article>\n\t\t\t\t\t<div class=\"gb-author-info\">\n\t\t\t\t\t\t<span class=\"gb-author-name\">Rita Sch\u00e4fer\n\t\t\t\t\t\t<\/span>\n\t\t\t\t\t\t<span class=\"gb-datetime\">\n\t\t\t\t\t\t\t<span class=\"gb-date\"><span class=\"gb-date-wrote-text\"> schrieb am<\/span><span class=\"gb-date-text\"> 7. Juli 2024<\/span>\n\t\t\t\t\t\t\t<\/span><span class=\"gb-time\">\n\t\t\t\t\t\t\t\t\t<span class=\"gb-time-at-text\"> um<\/span>\n\t\t\t\t\t\t\t\t\t<span class=\"gb-time-text\"> 18:55<\/span>\n\t\t\t\t\t\t\t\t<\/span>\n\t\t\t\t\t\t<\/span> \n\t\t\t\t\t<\/div>\n\t\t\t\t\t<div class=\"gb-entry-content\">Liebe Tanja, nochmals vielen Dank f\u00fcr die tolle Leine und Halsband f\u00fcr Enjo, ich bekomme viele Komplimente daf\u00fcr. GLG Rita\n\t\t\t\t\t<\/div>\n\t\t\t\t<\/article>\n\t\t\t<\/div>\n\t\t\t<div class=\"gb-entry gb-entry_11 gb-entry-count_7 gwolle-gb-uneven\" id=\"gb-entry_11\" data-entry_id=\"11\">\n\t\t\t\t<article>\n\t\t\t\t\t<div class=\"gb-author-info\">\n\t\t\t\t\t\t<span class=\"gb-author-name\">Monica\n\t\t\t\t\t\t<\/span>\n\t\t\t\t\t\t<span class=\"gb-datetime\">\n\t\t\t\t\t\t\t<span class=\"gb-date\"><span class=\"gb-date-wrote-text\"> schrieb am<\/span><span class=\"gb-date-text\"> 1. Juli 2024<\/span>\n\t\t\t\t\t\t\t<\/span><span class=\"gb-time\">\n\t\t\t\t\t\t\t\t\t<span class=\"gb-time-at-text\"> um<\/span>\n\t\t\t\t\t\t\t\t\t<span class=\"gb-time-text\"> 21:21<\/span>\n\t\t\t\t\t\t\t\t<\/span>\n\t\t\t\t\t\t<\/span> \n\t\t\t\t\t<\/div>\n\t\t\t\t\t<div class=\"gb-entry-content\">Liebe Tanja\nVielen Dank f\u00fcr die tolle Leine und das mega coole Halsband \ud83e\udd70. \nBeni sieht richtig elegant damit aus &#8211; schon fast Erwachsen \ud83d\ude48.\nLieber Gruss, Monica\n\t\t\t\t\t<\/div>\n\t\t\t\t<\/article>\n\t\t\t<\/div>\n\t\t\t<\/div><\/div>\t\t\t\t\t\t\t\t<\/div>\n\t\t\t\t<\/div>\n\t\t\t\t\t<\/div>\n\t\t\t\t<\/div>\n\t\t<div class=\"elementor-element elementor-element-fbd9b4b e-flex e-con-boxed e-con e-parent\" data-id=\"fbd9b4b\" data-element_type=\"container\" data-e-type=\"container\">\n\t\t\t\t\t<div class=\"e-con-inner\">\n\t\t\t\t<div class=\"elementor-element elementor-element-fcb5988 elementor-widget elementor-widget-html\" data-id=\"fcb5988\" data-element_type=\"widget\" data-e-type=\"widget\" data-widget_type=\"html.default\">\n\t\t\t\t<div class=\"elementor-widget-container\">\n\t\t\t\t\t<div id=\"WIDGET_16669254\" style=\"color:#CEEC8D;font-size:17px;\">\n\t<div class=\"clear\"><\/div>\n\t<div class=\"guestBookContainer\">\n\t<div class=\"guestBookItem\">\n\t\t<span class=\"itemName\">Fran\u00e7oise<\/span>\n\t\t\t\t<span class=\"itemDate\">07\/02\/2024<\/span><br>\n\t\t\t\t\t\t<\/span>\n\t\t<span class=\"itemDescription\">\n\t\t\tLiebe Tanja, Vielen Dank f\u00fcr die tolle Leine und das Halsband. Wir haben schon Komplimente erhalten \ud83d\ude42  \t\t<\/span>\n\t\t<hr \/>\n\t<\/div>\n\n<\/div><div class=\"guestBookContainer\">\n\t<div class=\"guestBookItem\">\n\t\t<span class=\"itemName\">Corinne<\/span>\n\t\t\t\t<span class=\"itemDate\">04\/02\/2024<\/span><br>\n\t\t\t\t\t\t<\/span>\n\t\t<span class=\"itemDescription\">\n\t\t\tMit vier Leinen und Halb\u00e4nder f\u00fcr unsere Nyrah, geh\u00f6ren wir wohl bereits zur Stammkundschaft. Danke Tanja f\u00fcr die wundersch\u00f6nen und liebevoll gestalteten Halsb\u00e4nder\/Leinen \u2764\ufe0f\t\t<\/span>\n\t\t<hr \/>\n\t<\/div>\n\n<\/div><div class=\"guestBookContainer\">\n\t<div class=\"guestBookItem\">\n\t\t<span class=\"itemName\">Tanja<\/span>\n\t\t\t\t<span class=\"itemDate\">26\/12\/2023<\/span><br>\n\t\t\t\t\t\t<\/span>\n\t\t<span class=\"itemDescription\">\n\t\t\tVielen Dank liebe Tanja f\u00fcr die Leine und das Halsband, welches an Olec einfach grossartig aussieht. Beides ist mit viel Liebe und Sorgfalt durch Dich hergestellt worden. F\u00fcr all dies danken wir Dir herzlich.\t\t<\/span>\n\t\t<hr \/>\n\t<\/div>\n\n<\/div><div class=\"guestBookContainer\">\n\t<div class=\"guestBookItem\">\n\t\t<span class=\"itemName\">Bianca<\/span>\n\t\t\t\t<span class=\"itemDate\">28\/05\/2023<\/span><br>\n\t\t\t\t\t\t<\/span>\n\t\t<span class=\"itemDescription\">\n\t\t\tWundersch\u00f6nes Halsband mit Leine. Qualit\u00e4t und Ausf\u00fchrung hervorragend. Alle W\u00fcnsche werden umgesetzt; das finde ich toll!!! Unsere Mara wird sich sehr freuen \u00fcber ihr neues Halsband und Leine. Von \u2665\ufe0fen vielen lieben Dank. Bianca us em B\u00fcndnerland\t\t<\/span>\n\t\t<hr \/>\n\t<\/div>\n\n<\/div>\t<div id=\"navBar\"><\/div>\n<\/div>\t\t\t\t<\/div>\n\t\t\t\t<\/div>\n\t\t\t\t\t<\/div>\n\t\t\t\t<\/div>\n\t\t\t\t<\/div>\n\t\t","protected":false},"excerpt":{"rendered":"<p>Fran\u00e7oise 07\/02\/2024 Liebe Tanja, Vielen Dank f\u00fcr die tolle Leine und das Halsband. Wir haben schon Komplimente erhalten \ud83d\ude42 Corinne 04\/02\/2024 Mit vier Leinen und Halb\u00e4nder f\u00fcr unsere Nyrah, geh\u00f6ren wir wohl bereits zur Stammkundschaft. Danke Tanja f\u00fcr die wundersch\u00f6nen und liebevoll gestalteten Halsb\u00e4nder\/Leinen \u2764\ufe0f Tanja 26\/12\/2023 Vielen Dank liebe Tanja f\u00fcr die Leine und&hellip;&nbsp;<a href=\"https:\/\/tanjas-hundeleinen.ch\/cms\/gaestebuch\/\" rel=\"bookmark\">Weiterlesen &raquo;<span class=\"screen-reader-text\">G\u00e4stebuch<\/span><\/a><\/p>\n","protected":false},"author":1,"featured_media":0,"parent":0,"menu_order":0,"comment_status":"closed","ping_status":"closed","template":"","meta":{"neve_meta_sidebar":"","neve_meta_container":"","neve_meta_enable_content_width":"","neve_meta_content_width":0,"neve_meta_title_alignment":"","neve_meta_author_avatar":"","neve_post_elements_order":"","neve_meta_disable_header":"","neve_meta_disable_footer":"","neve_meta_disable_title":"","footnotes":""},"class_list":["post-1024","page","type-page","status-publish","hentry"],"_links":{"self":[{"href":"https:\/\/tanjas-hundeleinen.ch\/cms\/wp-json\/wp\/v2\/pages\/1024","targetHints":{"allow":["GET"]}}],"collection":[{"href":"https:\/\/tanjas-hundeleinen.ch\/cms\/wp-json\/wp\/v2\/pages"}],"about":[{"href":"https:\/\/tanjas-hundeleinen.ch\/cms\/wp-json\/wp\/v2\/types\/page"}],"author":[{"embeddable":true,"href":"https:\/\/tanjas-hundeleinen.ch\/cms\/wp-json\/wp\/v2\/users\/1"}],"replies":[{"embeddable":true,"href":"https:\/\/tanjas-hundeleinen.ch\/cms\/wp-json\/wp\/v2\/comments?post=1024"}],"version-history":[{"count":34,"href":"https:\/\/tanjas-hundeleinen.ch\/cms\/wp-json\/wp\/v2\/pages\/1024\/revisions"}],"predecessor-version":[{"id":2541,"href":"https:\/\/tanjas-hundeleinen.ch\/cms\/wp-json\/wp\/v2\/pages\/1024\/revisions\/2541"}],"wp:attachment":[{"href":"https:\/\/tanjas-hundeleinen.ch\/cms\/wp-json\/wp\/v2\/media?parent=1024"}],"curies":[{"name":"wp","href":"https:\/\/api.w.org\/{rel}","templated":true}]}}